{"id":1896,"date":"2012-10-23T04:02:16","date_gmt":"2012-10-23T04:02:16","guid":{"rendered":"http:\/\/beautiful-places.de\/contact-2\/"},"modified":"2013-07-22T11:20:44","modified_gmt":"2013-07-22T09:20:44","slug":"contact","status":"publish","type":"page","link":"http:\/\/beautiful-places.de\/en\/contact\/","title":{"rendered":"Contact"},"content":{"rendered":"<p>Marcus &amp; Monique De Caro<br \/>\n<a href=\"mailto:info@beautifulplaces.de\">info@beautifulplaces.de<\/a><\/p>\n<div data-test='contact-form'\n\t\t\tid='contact-form-1896'\n\t\t\tclass='jetpack-contact-form-container '\n\t\t\tdata-wp-interactive='jetpack\/form' data-wp-context='{\"formId\":\"1896\",\"formHash\":\"379a37bd8de17056db535d3848efd7fbd72192e7\",\"showErrors\":false,\"errors\":[],\"fields\":[],\"isMultiStep\":false,\"useAjax\":true,\"submissionData\":null,\"formattedSubmissionData\":[],\"submissionSuccess\":false,\"submissionError\":null,\"elementId\":\"jp-form-379a37bd8de17056db535d3848efd7fbd72192e7\",\"isSingleInputForm\":false,\"isForcedHorizontal\":false}'\n\t\t\tdata-wp-watch--scroll-to-wrapper=\"callbacks.scrollToWrapper\"\n\t\t>\n<div class=\"contact-form-submission contact-form-ajax-submission\" data-wp-bind--aria-hidden=\"state.isSuccessMessageAriaHidden\" data-wp-class--submission-success=\"context.submissionSuccess\" id=\"contact-form-success-379a37bd8de17056db535d3848efd7fbd72192e7\" tabindex=\"-1\" aria-labelledby=\"contact-form-success-header-379a37bd8de17056db535d3848efd7fbd72192e7\"><p class=\"go-back-message\"><a class=\"link\" role=\"button\" tabindex=\"0\" data-wp-on--click=\"actions.goBack\" href=\"\/en\/wp-json\/wp\/v2\/pages\/1896\">\u2190 Back<\/a><\/p><h4 data-wp-bind--aria-hidden=\"state.isSuccessMessageAriaHidden\" id=\"contact-form-success-header-379a37bd8de17056db535d3848efd7fbd72192e7\">Thank you for your response. \u2728<\/h4>\n\n<template data-wp-each--submission=\"context.formattedSubmissionData\">\n\t\t\t\t\t<div class=\"jetpack_forms_contact-form-success-summary\">\n\t\t\t\t\t\t<div class=\"field-name-wrapper\">\n\t\t\t\t\t\t\t<div class=\"field-type-icon\" data-wp-watch=\"callbacks.watchFieldTypeIcon\"><\/div>\n\t\t\t\t\t\t\t<div class=\"field-name\" data-wp-text=\"context.submission.label\" data-wp-bind--hidden=\"!context.submission.label\"><\/div>\n\t\t\t\t\t\t<\/div>\n\t\t\t\t\t\t<div class=\"field-value\" data-wp-text=\"context.submission.value\" data-wp-bind--hidden=\"!context.submission.showPlainValue\"><\/div>\n\t\t\t\t\t\t<a class=\"field-url\" data-wp-bind--href=\"context.submission.url\" data-wp-text=\"context.submission.value\" data-wp-bind--hidden=\"!context.submission.url\" target=\"_blank\" rel=\"noopener noreferrer\"><\/a>\n\t\t\t\t\t\t<div class=\"field-rating\" data-wp-bind--hidden=\"!context.submission.rating\" data-wp-watch=\"callbacks.watchRatingIcons\"><\/div>\n\t\t\t\t\t\t<div class=\"field-images\" data-wp-bind--hidden=\"!context.submission.images\">\n\t\t\t\t\t\t\t<template data-wp-each--image=\"context.submission.images\">\n\t\t\t\t\t\t\t\t<div class=\"field-image-option\" data-wp-class--is-empty=\"!context.image.src\">\n\t\t\t\t\t\t\t\t\t<figure class=\"field-image-option__image\" data-wp-class--is-empty=\"!context.image.src\">\n\t\t\t\t\t\t\t\t\t\t<img data-wp-bind--src=\"context.image.src\" data-wp-bind--hidden=\"!context.image.src\" \/>\n\t\t\t\t\t\t\t\t\t\t<img decoding=\"async\" src=\"data:image\/gif;base64,R0lGODlhAQABAAD\/ACwAAAAAAQABAAACADs=\" data-wp-bind--hidden=\"context.image.src\" \/>\n\t\t\t\t\t\t\t\t\t<\/figure>\n\t\t\t\t\t\t\t\t\t<div class=\"field-image-option__label-wrapper\">\n\t\t\t\t\t\t\t\t\t\t<span class=\"field-image-option__label-code\" data-wp-text=\"context.image.letterCode\"><\/span>\n\t\t\t\t\t\t\t\t\t\t<span class=\"field-image-option__label\" data-wp-text=\"context.image.label\" data-wp-bind--hidden=\"!context.image.label\"><\/span>\n\t\t\t\t\t\t\t\t\t<\/div>\n\t\t\t\t\t\t\t\t<\/div>\n\t\t\t\t\t\t\t<\/template>\n\t\t\t\t\t\t<\/div>\n\t\t\t\t\t\t<div class=\"field-files\" data-wp-bind--hidden=\"!context.submission.files\">\n\t\t\t\t\t\t\t<template data-wp-each--file=\"context.submission.files\">\n\t\t\t\t\t\t\t\t<div class=\"field-file\">\n\t\t\t\t\t\t\t\t\t<div class=\"field-file__thumbnail\" data-wp-style--background-image=\"context.file.previewUrl\" data-wp-style--mask-image=\"context.file.iconUrl\" data-wp-bind--hidden=\"!context.file.hasPreview\"><\/div>\n\t\t\t\t\t\t\t\t\t<svg class=\"field-file__icon\" data-wp-bind--hidden=\"context.file.hasPreview\" width=\"20\" height=\"20\" viewBox=\"0 0 24 24\" fill=\"none\" xmlns=\"http:\/\/www.w3.org\/2000\/svg\" aria-hidden=\"true\">\n\t\t\t\t\t\t\t\t\t\t<path d=\"M14 2H6C4.9 2 4 2.9 4 4V20C4 21.1 4.89 22 5.99 22H18C19.1 22 20 21.1 20 20V8L14 2ZM18 20H6V4H13V9H18V20Z\" fill=\"currentColor\"\/>\n\t\t\t\t\t\t\t\t\t<\/svg>\n\t\t\t\t\t\t\t\t\t<span class=\"field-file__name\" data-wp-text=\"context.file.name\"><\/span>\n\t\t\t\t\t\t\t\t\t<span class=\"field-file__size\" data-wp-text=\"context.file.size\"><\/span>\n\t\t\t\t\t\t\t\t<\/div>\n\t\t\t\t\t\t\t<\/template>\n\t\t\t\t\t\t<\/div>\n\t\t\t\t\t<\/div>\n\t\t\t\t<\/template><\/div><form action='http:\/\/beautiful-places.de\/en\/contact\/'\n\t\t\t\tid='jp-form-379a37bd8de17056db535d3848efd7fbd72192e7'\n\t\t\t\tmethod='post'\n\t\t\t\tclass='contact-form commentsblock jetpack-contact-form__form has-no-jetpack-form-layout' aria-label=\"Contact\"\n\t\t\t\tdata-wp-on--submit=\"actions.onFormSubmit\"\n\t\t\t\tdata-wp-on--reset=\"actions.onFormReset\"\n\t\t\t\tdata-wp-class--submission-success=\"context.submissionSuccess\"\n\t\t\t\tdata-wp-class--is-first-step=\"state.isFirstStep\"\n\t\t\t\tdata-wp-class--is-last-step=\"state.isLastStep\"\n\t\t\t\tdata-wp-class--is-ajax-form=\"context.useAjax\"\n\t\t\t\tnovalidate >\n<input type='hidden' name='jetpack_contact_form_jwt' value='eyJ0eXAiOiJKV1QiLCJhbGciOiJIUzI1NiJ9.eyJlbmNyeXB0ZWRfYXR0cmlidXRlcyI6ImplVEVYUFU0aktVZCtsVXhSSG83SGxiaW5mVVgwWDFwTXFTUU1uUzJxSmRBWURSa21EZHZZVU1UdlFMNnVSNXh5UDZYalJETWxHZEdWcHRscStJVmF0RGdGSzRJNVZyNzNpOUgxcnpRYTIwWHFlbUxGQjhDRUZoOHljVFhiMzBTVTVxZG9iMkNGanh0S2ZCbVc2N1dNSmZCb0ZScjRDVXlUWXhNK1NaWlpZSXFJbncwOExtNU5NclVJdDNVSVdzb1RHZ1h5VzRBN3pPV05SWStrWGxKcE5Bb0F4M2U0YjZZU3B5MU9OVks0QmNEUXkwUkh0WUZkT3pnVHNkN3Z3ZTdNYk5RaWhFdWZLd1VPTk0wTk9CSFBBYlpZelRoY3NvTmx2OS84WDd2T09VUW5wMjVlb2MwYUFHYmpJQ3Z0OU1lQUFkeHVpc1dxRGVvK0FqZVNkRWozODZ1V0xzYkNpQ2NPQmM2eGdKY20zVHZRV1RMRkpSN1ZaQmJwQkExa09TSWVJeXd6WS9rTzNsZ0dZZk1UVUdWU2tlendkVDNrYkxxTTdDbnNjRitsbHV1VlI0bXAvZ1ZFWkNOYVJWVzBTaE1JbE1JQld5UzVoZkNUcjJqV3JSQWdrdnA2R0xWcmdvYVBnRXVtK2FWMFBHRTVwV3dlWDNUcWZocGRHcXRTN0YvQW00WXNBUWZ4dU5ZV3BVeUJaZzhIby9jREdDejJ3ZWZDVXZtMGxFRVFEVHh4Uk9hMGk3eWJtQTZkUG5BeXhqYlgwMGt2Mi9raDNJenJzeUg5amgrckVPT2xKcXdTTHJIS0lOZ080YVI5R3VtOVZkaFJ0dTRIcXpZLy9SWnBJdXJKM0Mzc0JlbDNEbkowNm9KbW1EOERORjE1Tm1kSFo0elNsNzJnTk9GNHNuZTQ4QmVwK2JNK0ovdVBOTDNOMFl3ODd3ZjFuTnFaY21uWWpiU2NGVmRmMWRpNHFEczZ0RGd5V3NqOWc0YmQ2TWE2bysrSVBWOHF0TGRkM1BTL2pzRlNLV2xvZUFWY1ppYjVETmhDZzNMNHFqOEFva3c5a1Rma3pDM2RoQmdiUUJ5SVl4S04ydy9wd0I2aEFtT0N4M3dsd1JaSnpuczhkd0F5dDBlNDJTa1BOYUJXblVZalptWk4xUEJ4Qi83bFVxYTFvVWJYd0dZUTRwaU9BVXBOQXhFaDhCc084d21CVUtGK0ZEQ1FZUm5XNUU9IiwiY29udGVudCI6Iltjb250YWN0LWZpZWxkIGxhYmVsPSdOYW1lJyB0eXBlPSduYW1lJyByZXF1aXJlZD0nMScvXVtjb250YWN0LWZpZWxkIGxhYmVsPSdlTWFpbCcgdHlwZT0nZW1haWwnIHJlcXVpcmVkPScxJy9dW2NvbnRhY3QtZmllbGQgbGFiZWw9J01lc3NhZ2UnIHR5cGU9J3RleHRhcmVhJyByZXF1aXJlZD0nMScvXSIsImhhc2giOiIzNzlhMzdiZDhkZTE3MDU2ZGI1MzVkMzg0OGVmZDdmYmQ3MjE5MmU3Iiwic291cmNlIjp7ImVudHJ5X3RpdGxlIjoiQ29udGFjdCIsImVudHJ5X3BhZ2UiOjEsInNvdXJjZV9pZCI6MTg5Niwic291cmNlX3R5cGUiOiJzaW5nbGUiLCJyZXF1ZXN0X3VybCI6Imh0dHA6Ly9iZWF1dGlmdWwtcGxhY2VzLmRlL2VuL3dwLWpzb24vd3AvdjIvcGFnZXMvMTg5Ni8ifSwidmVyc2lvbiI6MiwiY2lwaGVyIjoiYWVzLTI1Ni1nY20ifQ.XJOalGRHQeF1mHp27AZB3VOuQcCGfcMg4Mdl_Vg4760' \/>\n\n<div style=\"\"  data-wp-interactive=\"jetpack\/form\" data-wp-context='{\"fieldId\":\"g1896-name\",\"fieldType\":\"name\",\"fieldLabel\":\"Name\",\"fieldValue\":\"\",\"fieldPlaceholder\":\"\",\"fieldIsRequired\":\"1\",\"fieldErrorMessage\":\"\",\"fieldExtra\":[],\"formHash\":\"379a37bd8de17056db535d3848efd7fbd72192e7\"}'  class='grunion-field-name-wrap grunion-field-wrap'  data-wp-init='callbacks.initializeField' data-wp-on--jetpack-form-reset='callbacks.initializeField' >\n<label\n\t\t\t\tfor='g1896-name' class=\"grunion-field-label name\" >Name<span class=\"grunion-label-required\" aria-hidden=\"true\">(required)<\/span><\/label>\n<input\n\t\t\t\t\ttype='text'\n\t\t\t\t\tname='g1896-name'\n\t\t\t\t\tid='g1896-name'\n\t\t\t\t\tvalue=''\n\n\t\t\t\t\tdata-wp-bind--aria-invalid='state.fieldAriaInvalid'\n\t\t\t\t\tdata-wp-bind--value='state.getFieldValue'\n\t\t\t\t\taria-describedby='g1896-name-text-error-message'\n\t\t\t\t\tdata-wp-on--input='actions.onFieldChange'\n\t\t\t\t\tdata-wp-on--blur='actions.onFieldBlur'\n\t\t\t\t\tdata-wp-class--has-value='state.hasFieldValue'\n\n\t\t\t\t\tclass='name  grunion-field' \n\t\t\t\t\trequired='true' aria-required='true'  \/>\n \n\t\t\t<div id=\"g1896-name-text-error\" class=\"contact-form__input-error\" data-wp-class--has-errors=\"state.fieldHasErrors\">\n\t\t\t\t<span class=\"contact-form__warning-icon\" aria-hidden=\"true\">\n\t\t\t\t\t<svg width=\"16\" height=\"16\" viewBox=\"0 0 16 16\" fill=\"none\" xmlns=\"http:\/\/www.w3.org\/2000\/svg\">\n\t\t\t\t\t\t<path d=\"M8.50015 11.6402H7.50015V10.6402H8.50015V11.6402Z\" \/>\n\t\t\t\t\t\t<path d=\"M7.50015 9.64018H8.50015V6.30684H7.50015V9.64018Z\" \/>\n\t\t\t\t\t\t<path fill-rule=\"evenodd\" clip-rule=\"evenodd\" d=\"M6.98331 3.0947C7.42933 2.30177 8.57096 2.30177 9.01698 3.09469L13.8771 11.7349C14.3145 12.5126 13.7525 13.4735 12.8602 13.4735H3.14004C2.24774 13.4735 1.68575 12.5126 2.12321 11.7349L6.98331 3.0947ZM8.14541 3.58496C8.08169 3.47168 7.9186 3.47168 7.85488 3.58496L2.99478 12.2251C2.93229 12.3362 3.01257 12.4735 3.14004 12.4735H12.8602C12.9877 12.4735 13.068 12.3362 13.0055 12.2251L8.14541 3.58496Z\" \/>\n\t\t\t\t\t<\/svg>\n\t\t\t\t<\/span>\n\t\t\t\t<span data-wp-text=\"state.errorMessage\" id=\"g1896-name-text-error-message\"><\/span>\n\t\t\t<\/div> \n\t<\/div>\n\n<div style=\"\"  data-wp-interactive=\"jetpack\/form\" data-wp-context='{\"fieldId\":\"g1896-email\",\"fieldType\":\"email\",\"fieldLabel\":\"eMail\",\"fieldValue\":\"\",\"fieldPlaceholder\":\"\",\"fieldIsRequired\":\"1\",\"fieldErrorMessage\":\"\",\"fieldExtra\":[],\"formHash\":\"379a37bd8de17056db535d3848efd7fbd72192e7\"}'  class='grunion-field-email-wrap grunion-field-wrap'  data-wp-init='callbacks.initializeField' data-wp-on--jetpack-form-reset='callbacks.initializeField' >\n<label\n\t\t\t\tfor='g1896-email' class=\"grunion-field-label email\" >eMail<span class=\"grunion-label-required\" aria-hidden=\"true\">(required)<\/span><\/label>\n<input\n\t\t\t\t\ttype='email'\n\t\t\t\t\tname='g1896-email'\n\t\t\t\t\tid='g1896-email'\n\t\t\t\t\tvalue=''\n\n\t\t\t\t\tdata-wp-bind--aria-invalid='state.fieldAriaInvalid'\n\t\t\t\t\tdata-wp-bind--value='state.getFieldValue'\n\t\t\t\t\taria-describedby='g1896-email-email-error-message'\n\t\t\t\t\tdata-wp-on--input='actions.onFieldChange'\n\t\t\t\t\tdata-wp-on--blur='actions.onFieldBlur'\n\t\t\t\t\tdata-wp-class--has-value='state.hasFieldValue'\n\n\t\t\t\t\tclass='email  grunion-field' \n\t\t\t\t\trequired='true' aria-required='true'  \/>\n \n\t\t\t<div id=\"g1896-email-email-error\" class=\"contact-form__input-error\" data-wp-class--has-errors=\"state.fieldHasErrors\">\n\t\t\t\t<span class=\"contact-form__warning-icon\" aria-hidden=\"true\">\n\t\t\t\t\t<svg width=\"16\" height=\"16\" viewBox=\"0 0 16 16\" fill=\"none\" xmlns=\"http:\/\/www.w3.org\/2000\/svg\">\n\t\t\t\t\t\t<path d=\"M8.50015 11.6402H7.50015V10.6402H8.50015V11.6402Z\" \/>\n\t\t\t\t\t\t<path d=\"M7.50015 9.64018H8.50015V6.30684H7.50015V9.64018Z\" \/>\n\t\t\t\t\t\t<path fill-rule=\"evenodd\" clip-rule=\"evenodd\" d=\"M6.98331 3.0947C7.42933 2.30177 8.57096 2.30177 9.01698 3.09469L13.8771 11.7349C14.3145 12.5126 13.7525 13.4735 12.8602 13.4735H3.14004C2.24774 13.4735 1.68575 12.5126 2.12321 11.7349L6.98331 3.0947ZM8.14541 3.58496C8.08169 3.47168 7.9186 3.47168 7.85488 3.58496L2.99478 12.2251C2.93229 12.3362 3.01257 12.4735 3.14004 12.4735H12.8602C12.9877 12.4735 13.068 12.3362 13.0055 12.2251L8.14541 3.58496Z\" \/>\n\t\t\t\t\t<\/svg>\n\t\t\t\t<\/span>\n\t\t\t\t<span data-wp-text=\"state.errorMessage\" id=\"g1896-email-email-error-message\"><\/span>\n\t\t\t<\/div> \n\t<\/div>\n\n<div style=\"\"  data-wp-interactive=\"jetpack\/form\" data-wp-context='{\"fieldId\":\"g1896-message\",\"fieldType\":\"textarea\",\"fieldLabel\":\"Message\",\"fieldValue\":\"\",\"fieldPlaceholder\":\"\",\"fieldIsRequired\":\"1\",\"fieldErrorMessage\":\"\",\"fieldExtra\":[],\"formHash\":\"379a37bd8de17056db535d3848efd7fbd72192e7\"}'  class='grunion-field-textarea-wrap grunion-field-wrap'  data-wp-init='callbacks.initializeField' data-wp-on--jetpack-form-reset='callbacks.initializeField' >\n<label\n\t\t\t\tfor='contact-form-comment-g1896-message' class=\"grunion-field-label textarea\" >Message<span class=\"grunion-label-required\" aria-hidden=\"true\">(required)<\/span><\/label>\n<textarea\n\t\t                style=''\n\t\t                name='g1896-message'\n\t\t                id='contact-form-comment-g1896-message'\n\t\t                rows='20'\n\t\t\t\t\t\tdata-wp-text='state.getFieldValue'\n\t\t\t\t\t\tdata-wp-on--input='actions.onFieldChange'\n\t\t\t\t\t\tdata-wp-on--blur='actions.onFieldBlur'\n\t\t\t\t\t\tdata-wp-class--has-value='state.hasFieldValue'\n\t\t\t\t\t\taria-describedby='g1896-message-textarea-error-message'\n\t\t\t\t\t\tdata-wp-bind--aria-invalid='state.fieldAriaInvalid'\n\t\t\t\t\t\tclass='textarea  grunion-field'  required aria-required='true'><\/textarea>\n \n\t\t\t<div id=\"g1896-message-textarea-error\" class=\"contact-form__input-error\" data-wp-class--has-errors=\"state.fieldHasErrors\">\n\t\t\t\t<span class=\"contact-form__warning-icon\" aria-hidden=\"true\">\n\t\t\t\t\t<svg width=\"16\" height=\"16\" viewBox=\"0 0 16 16\" fill=\"none\" xmlns=\"http:\/\/www.w3.org\/2000\/svg\">\n\t\t\t\t\t\t<path d=\"M8.50015 11.6402H7.50015V10.6402H8.50015V11.6402Z\" \/>\n\t\t\t\t\t\t<path d=\"M7.50015 9.64018H8.50015V6.30684H7.50015V9.64018Z\" \/>\n\t\t\t\t\t\t<path fill-rule=\"evenodd\" clip-rule=\"evenodd\" d=\"M6.98331 3.0947C7.42933 2.30177 8.57096 2.30177 9.01698 3.09469L13.8771 11.7349C14.3145 12.5126 13.7525 13.4735 12.8602 13.4735H3.14004C2.24774 13.4735 1.68575 12.5126 2.12321 11.7349L6.98331 3.0947ZM8.14541 3.58496C8.08169 3.47168 7.9186 3.47168 7.85488 3.58496L2.99478 12.2251C2.93229 12.3362 3.01257 12.4735 3.14004 12.4735H12.8602C12.9877 12.4735 13.068 12.3362 13.0055 12.2251L8.14541 3.58496Z\" \/>\n\t\t\t\t\t<\/svg>\n\t\t\t\t<\/span>\n\t\t\t\t<span data-wp-text=\"state.errorMessage\" id=\"g1896-message-textarea-error-message\"><\/span>\n\t\t\t<\/div>\n\t<\/div>\n\t<p class='contact-submit'>\n<div class=\"contact-form__error\" data-wp-class--show-errors=\"state.showFormErrors\"><span class=\"contact-form__warning-icon\" aria-hidden=\"true\"><i><\/i><\/span><span class=\"contact-form__error-message\" tabindex=\"-1\" data-wp-watch=\"callbacks.focusOnValidationError\" data-wp-text=\"state.getFormErrorMessage\"><\/span><ul aria-label=\"Form errors\">\n\t\t\t\t<template data-wp-each=\"state.getErrorList\" data-wp-key=\"context.item.id\">\n\t\t\t\t\t<li><a data-wp-bind--href=\"context.item.anchor\" data-wp-on--click=\"actions.scrollIntoView\" data-wp-text=\"context.item.label\"><\/a><\/li>\n\t\t\t\t<\/template>\n\t\t\t\t<\/ul><\/div><div class=\"contact-form__error\" data-wp-class--show-errors=\"state.showSubmissionError\" data-wp-text=\"context.submissionError\" tabindex=\"-1\" data-wp-watch=\"callbacks.focusOnSubmissionError\"><\/div>\t\t<button type='submit' class='pushbutton-wide'>Submit<\/button>\t\t<input type='hidden' name='contact-form-id' value='1896' \/>\n\t\t<input type='hidden' name='action' value='grunion-contact-form' \/>\n\t\t<input type='hidden' name='contact-form-hash' value='379a37bd8de17056db535d3848efd7fbd72192e7' \/>\n\t<\/p>\n<p style=\"display: none !important;\" class=\"akismet-fields-container\" data-prefix=\"ak_\"><label>&#916;<textarea name=\"ak_hp_textarea\" cols=\"45\" rows=\"8\" maxlength=\"100\"><\/textarea><\/label><input type=\"hidden\" id=\"ak_js_1\" name=\"ak_js\" value=\"42\"\/><script>document.getElementById( \"ak_js_1\" ).setAttribute( \"value\", ( new Date() ).getTime() );<\/script><\/p><\/form>\n<\/div>\n","protected":false},"excerpt":{"rendered":"<p>Marcus &amp; Monique De Caro info@beautifulplaces.de<\/p>\n","protected":false},"author":1,"featured_media":0,"parent":0,"menu_order":0,"comment_status":"closed","ping_status":"closed","template":"","meta":{"footnotes":""},"class_list":["post-1896","page","type-page","status-publish","hentry"],"jetpack-related-posts":[{"id":66,"url":"http:\/\/beautiful-places.de\/contact\/","url_meta":{"origin":1896,"position":0},"title":"Kontakt","author":"Monique De Caro","date":"23. October 2012","format":false,"excerpt":"Marcus & Monique De Caro info@beautiful-places.de [contact-form-7 id=\"258\" title=\"Kontaktformular 1\"]","rel":"","context":"Similar post","block_context":{"text":"Similar post","link":""},"img":{"alt_text":"","src":"","width":0,"height":0},"classes":[]},{"id":18237,"url":"http:\/\/beautiful-places.de\/datenschutzerklaerung\/","url_meta":{"origin":1896,"position":1},"title":"Datenschutzerkl\u00e4rung","author":"Monique De Caro","date":"14. May 2018","format":false,"excerpt":"Wir freuen uns sehr \u00fcber Ihr Interesse an unserem Blog. Datenschutz hat einen besonders hohen Stellenwert f\u00fcr Beautiful Places for Lovers. Eine Nutzung der Internetseiten von Beautiful Places for Lovers ist grunds\u00e4tzlich ohne jede Angabe personenbezogener Daten m\u00f6glich. Sofern eine betroffene Person besondere Services unseres Unternehmens \u00fcber unsere Internetseite in\u2026","rel":"","context":"Similar post","block_context":{"text":"Similar post","link":""},"img":{"alt_text":"","src":"","width":0,"height":0},"classes":[]},{"id":1976,"url":"http:\/\/beautiful-places.de\/en\/about-us\/","url_meta":{"origin":1896,"position":2},"title":"About us","author":"Monique De Caro","date":"20. March 2013","format":false,"excerpt":"Hello! We are Monique and Marcus, fun-loving globetrotters and connoisseurs. We write on our blog, Beautiful Places for Lovers. It is not only for lovers, but also for those romantic souls, who simply love travelling, nature, (wild) animals, wide, open spaces, tranquility, good food, other cultures, countries, fabulous beaches and\u2026","rel":"","context":"Similar post","block_context":{"text":"Similar post","link":""},"img":{"alt_text":"","src":"https:\/\/i0.wp.com\/beautiful-places.de\/wp-content\/uploads\/2013\/03\/moniquedecaro-305x305.jpg?resize=350%2C200","width":350,"height":200,"srcset":"https:\/\/i0.wp.com\/beautiful-places.de\/wp-content\/uploads\/2013\/03\/moniquedecaro-305x305.jpg?resize=350%2C200 1x, https:\/\/i0.wp.com\/beautiful-places.de\/wp-content\/uploads\/2013\/03\/moniquedecaro-305x305.jpg?resize=525%2C300 1.5x"},"classes":[]},{"id":2700,"url":"http:\/\/beautiful-places.de\/impressum\/","url_meta":{"origin":1896,"position":3},"title":"Impressum","author":"Monique De Caro","date":"22. January 2014","format":false,"excerpt":"Angaben gem\u00e4\u00df \u00a7 5 TMG: Monique De Caro Riedsortstrasse 67 6353 Weggis Schweiz Telefon: +49\u00a0151 23003118 E-Mail: info@beautiful-places.de Verantwortlich f\u00fcr den Inhalt nach \u00a7 55 Abs. 2 RStV: Monique De Caro Vertretungsberechtigter Monique De Caro Datenschutzerkl\u00e4rung: Datenschutz Die Nutzung unserer Webseite ist in der Regel ohne Angabe personenbezogener Daten m\u00f6glich.\u2026","rel":"","context":"Similar post","block_context":{"text":"Similar post","link":""},"img":{"alt_text":"","src":"","width":0,"height":0},"classes":[]},{"id":4944,"url":"http:\/\/beautiful-places.de\/kooperation\/","url_meta":{"origin":1896,"position":4},"title":"Kooperation","author":"Monique De Caro","date":"9. March 2015","format":false,"excerpt":"Beautiful Places for Lovers! Herzlich willkommen bei Beautiful Places for Lovers,\u00a0dem Reiseblog f\u00fcr Verliebte, Romantiker & Abenteurer!\u00a0Wir stehen jederzeit f\u00fcr Partnerschaften, Kooperationen & Sponsoring zur Verf\u00fcgung! Schwerpunkte des Blogs Auf\u00a0unserem\u00a0Reiseblog f\u00fcr\u00a0frisch Verliebte, immer noch Verliebte oder ewig Liebende stehen\u00a0Hotels &\u00a0Reiseziele, die magisch und au\u00dfergew\u00f6hnlich romantisch sind, im Vordergrund.\u00a0Wir geben\u00a0Inspirationen &\u2026","rel":"","context":"Similar post","block_context":{"text":"Similar post","link":""},"img":{"alt_text":"","src":"https:\/\/i0.wp.com\/beautiful-places.de\/wp-content\/uploads\/2015\/03\/moniquedecaro.jpg?resize=350%2C200","width":350,"height":200,"srcset":"https:\/\/i0.wp.com\/beautiful-places.de\/wp-content\/uploads\/2015\/03\/moniquedecaro.jpg?resize=350%2C200 1x, https:\/\/i0.wp.com\/beautiful-places.de\/wp-content\/uploads\/2015\/03\/moniquedecaro.jpg?resize=525%2C300 1.5x"},"classes":[]},{"id":7558,"url":"http:\/\/beautiful-places.de\/en\/collaboration\/","url_meta":{"origin":1896,"position":5},"title":"Collaboration","author":"Monique De Caro","date":"9. March 2015","format":false,"excerpt":"Beautiful Places for Lovers! Welcome to Beautiful Places, the travel blog for lovers.\u00a0 We are always open to and available for partnerships, collaborations and sponsorships. Key features of the Blog In our travel blog for newly in love couples, those still very much in love or the forever in love\u2026","rel":"","context":"Similar post","block_context":{"text":"Similar post","link":""},"img":{"alt_text":"","src":"https:\/\/i0.wp.com\/beautiful-places.de\/wp-content\/uploads\/2015\/03\/moniquedecaro.jpg?resize=350%2C200","width":350,"height":200,"srcset":"https:\/\/i0.wp.com\/beautiful-places.de\/wp-content\/uploads\/2015\/03\/moniquedecaro.jpg?resize=350%2C200 1x, https:\/\/i0.wp.com\/beautiful-places.de\/wp-content\/uploads\/2015\/03\/moniquedecaro.jpg?resize=525%2C300 1.5x"},"classes":[]}],"jetpack_shortlink":"https:\/\/wp.me\/P3oJj6-uA","jetpack_sharing_enabled":true,"_links":{"self":[{"href":"http:\/\/beautiful-places.de\/en\/wp-json\/wp\/v2\/pages\/1896","targetHints":{"allow":["GET"]}}],"collection":[{"href":"http:\/\/beautiful-places.de\/en\/wp-json\/wp\/v2\/pages"}],"about":[{"href":"http:\/\/beautiful-places.de\/en\/wp-json\/wp\/v2\/types\/page"}],"author":[{"embeddable":true,"href":"http:\/\/beautiful-places.de\/en\/wp-json\/wp\/v2\/users\/1"}],"replies":[{"embeddable":true,"href":"http:\/\/beautiful-places.de\/en\/wp-json\/wp\/v2\/comments?post=1896"}],"version-history":[{"count":0,"href":"http:\/\/beautiful-places.de\/en\/wp-json\/wp\/v2\/pages\/1896\/revisions"}],"wp:attachment":[{"href":"http:\/\/beautiful-places.de\/en\/wp-json\/wp\/v2\/media?parent=1896"}],"curies":[{"name":"wp","href":"https:\/\/api.w.org\/{rel}","templated":true}]}}