{"id":21259,"date":"2019-03-13T12:52:07","date_gmt":"2019-03-13T10:52:07","guid":{"rendered":"http:\/\/beautiful-places.de\/?page_id=21259\/"},"modified":"2020-07-06T14:56:43","modified_gmt":"2020-07-06T12:56:43","slug":"travel-videos","status":"publish","type":"page","link":"http:\/\/beautiful-places.de\/en\/travel-videos\/","title":{"rendered":"Videos"},"content":{"rendered":"<p>During the last few years we had such wonderful experiences! We traveled to Zanzibar, Dubai, Bali, Sumba Island, Bintan, Thailand, Namibia, South Africa, Kenya, Sri Lanka, the Maldives, Fiji and also visited the Seychelles for the fourth time. Among other things, we were chased by elephants, we saw five leopards in one day, swam with dolphins, photographed and filmed weddings in the Seychelles and met many wonderful people. Here are some of our highlights:<\/p>\n<h2>Fiji | South Pacific<\/h2>\n<p>[embedyt] https:\/\/www.youtube.com\/watch?&amp;width=620&amp;height=349&amp;iv_load_policy=3&amp;listType=playlist&amp;list=PLDiFL6cM9EmkFtDFOw5-nnVQMTCBPUN32&amp;plindex=0&amp;layout=gallery&amp;gallery_showtitle=0[\/embedyt]<\/p>\n<h2>Jamaica<\/h2>\n<p>[embedyt] https:\/\/www.youtube.com\/watch?v=Cc068XSJHtY&amp;width=620&amp;height=349&amp;iv_load_policy=3&amp;listType=playlist&amp;list=PLDiFL6cM9EmmxdVVVc8EZkilSKU3ZU4EF&amp;plindex=0&amp;layout=gallery[\/embedyt]<\/p>\n<h2>Zanzibar<\/h2>\n<p>[embedyt] https:\/\/www.youtube.com\/watch?v=QmFG4zYFX8c&amp;width=620&amp;height=349&amp;listType=playlist&amp;list=PLDiFL6cM9Eml_JImyC6O1zo6q_PoiN2e4&amp;plindex=0&amp;layout=gallery[\/embedyt]<\/p>\n<p>&nbsp;<\/p>\n<h2>South Africa 2019<\/h2>\n<p>[embedyt] https:\/\/www.youtube.com\/watch?v=qVLsWAWZgvE&amp;width=620&amp;height=349&amp;listType=playlist&amp;list=PLDiFL6cM9EmkBJ2aSIUzejWs-lekX73VP&amp;plindex=0&amp;layout=gallery[\/embedyt]<\/p>\n<p>&nbsp;<\/p>\n<h2>UAE &#8211; Dubai<\/h2>\n<p>[embedyt] https:\/\/www.youtube.com\/embed?listType=playlist&amp;list=PLDiFL6cM9EmlCf5ZsmoZ1XR0UiyX1WSKW[\/embedyt]<\/p>\n<p>&nbsp;<\/p>\n<h2>Bintan<\/h2>\n<p>[embedyt] https:\/\/www.youtube.com\/embed?listType=playlist&amp;list=PLDiFL6cM9EmmkvyCRYv-QbXEwbp9d_XHH[\/embedyt]<\/p>\n<p>&nbsp;<\/p>\n<h2>Thailand<\/h2>\n<p>[embedyt] https:\/\/www.youtube.com\/watch?&amp;width=620&amp;height=349&amp;iv_load_policy=3&amp;listType=playlist&amp;list=PLDiFL6cM9EmmIVMQpMmY21bwTTbHseXv5&amp;plindex=0&amp;layout=gallery[\/embedyt]<\/p>\n<h2>Bali<\/h2>\n<p>[embedyt] https:\/\/www.youtube.com\/watch?&amp;width=620&amp;height=349&amp;centervid=1&amp;listType=playlist&amp;list=PLDiFL6cM9EmlUbPkvBqAfy5VpBN6UperT&amp;plindex=0&amp;layout=gallery[\/embedyt]<\/p>\n<p>&nbsp;<\/p>\n<p>[embedyt] http:\/\/www.youtube.com\/watch?v=54_zH0hvhec[\/embedyt]<\/p>\n<p>&nbsp;<\/p>\n<h2>Mauritius<\/h2>\n<p>[embedyt] https:\/\/www.youtube.com\/watch?v=YTxVYnj4nOk&amp;width=620&amp;height=349&amp;iv_load_policy=3&amp;listType=playlist&amp;list=PLDiFL6cM9EmlP23lD02oULKC6rf057iKX&amp;plindex=0&amp;layout=gallery[\/embedyt]<\/p>\n<p>&nbsp;<\/p>\n<h2><b>Seychelles<\/b><\/h2>\n<p><a href=\"http:\/\/beautiful-places.de\/en\/back-in-the-most-romantic-hotel-on-la-digue\/\">Le Domaine de l&#8217;Orangerie<\/a> on La Digue in the Seychelles almost feels like our second home &#8211; and not just because we got married there. We also visited hotels in Praslin,\u00a0<a href=\"http:\/\/beautiful-places.de\/en\/denis-private-island-seychelles-barefoot-luxury-ecotourism-pure-relaxation\/\">Denis Island<\/a>, Silhouette and Mah\u00c3\u00a9. The Seychelles always is a dream destination!!<\/p>\n<p>[embedyt] https:\/\/www.youtube.com\/watch?v=b1jMVNMuT70&amp;width=620&amp;height=348&amp;iv_load_policy=3&amp;listType=playlist&amp;list=PLDiFL6cM9EmkPk41FYz-AOT-6J5WPLU00&amp;plindex=0&amp;layout=gallery&amp;gallery_showpaging=0[\/embedyt]<\/p>\n<p>&nbsp;<\/p>\n<h2><b>Maldives<\/b><\/h2>\n<p>On the Maldives we visited the beautiful hotels\u00a0<a href=\"http:\/\/beautiful-places.de\/en\/coco-bodu-hithi-maldives-an-exclusive-eco-beach-resort-for-connoisseurs\/\">Coco Bodu Hith<\/a>i and\u00a0<a href=\"http:\/\/beautiful-places.de\/en\/coco-palm-dhuni-kolhu-maldives-luxury-dolphins-romance-at-this-eco-beach-hideaway\/\">Coco Palm Dhuni Kolhu<\/a>.<\/p>\n<p>[embedyt] http:\/\/www.youtube.com\/watch?v=wp_RbfT7yKo&amp;width=620&amp;height=350&amp;listType=playlist&amp;list=PLDiFL6cM9EmkY6AlHIWIEj8ASIXiEH4HB&amp;plindex=0&amp;layout=gallery[\/embedyt]<\/p>\n<h2><b>Sri Lanka<\/b><\/h2>\n<p>Unfortunately, Sri Lanka was a bit too touristy, but luckily there were also exceptions. The highlight of our Sri Lanka tour was our visit to the exceptional\u00a0<a href=\"http:\/\/beautiful-places.de\/en\/chena-huts-by-uga-escapes-yala-sri-lanka-wildnis-luxus-leoparden-meer\/\">Chena Huts<\/a>, near the Yala Nationlpark.<\/p>\n<p>[embedyt] http:\/\/www.youtube.com\/watch?v=4h0bV4U8hN0&amp;width=620&amp;height=350&amp;listType=playlist&amp;list=PLDiFL6cM9EmkkK8NW4zbFvXa4ZbTBI6pW&amp;plindex=0[\/embedyt]<\/p>\n<p>&nbsp;<\/p>\n<h2><b>Kenya<\/b><\/h2>\n<p>Kenya is a beautiful country! We stayed at\u00a0<a href=\"http:\/\/beautiful-places.de\/en\/the-sands-at-chale-island-diani-beach-kenya-african-friendliness-romance-the-ocean\/\">The Sands at Chale Island<\/a> and\u00a0<a href=\"http:\/\/beautiful-places.de\/en\/the-sands-at-nomad-diani-beach-kenya-the-perfect-beach-holiday-for-connoisseurs\/\">The Sands at Nomad<\/a> on tropical Diani Beach and at the unique\u00a0<a href=\"http:\/\/beautiful-places.de\/en\/mara-bush-camp-private-wing-masai-mara-kenya-ecotourism-luxury-lions\/\">Mara Bush Camp<\/a> where we saw so many lions in the Masai Mara. An unforgettable experience! Highly recommended are the exclusive\u00c2 <a href=\"http:\/\/beautiful-places.de\/en\/mandhari-shimba-hills-kenya-a-private-hideaway-with-spectacular-views\/\">Mandhari<\/a>, the\u00a0<a href=\"http:\/\/beautiful-places.de\/en\/mandhari-shimba-hills-kenya-a-private-hideaway-with-spectacular-views\/\">Shimba Hills Lodge<\/a> and the dolphin safaris with\u00a0<a href=\"http:\/\/beautiful-places.de\/en\/our-tip-for-kenya-pilli-pipa-dhow-safari-dolphins-sea-turtles-swahili-seafood-video\/\">Pilli Pipa Dhow Safaris<\/a>.<\/p>\n<p>[embedyt] http:\/\/www.youtube.com\/watch?v=XRpPIza0FCs&amp;width=620&amp;height=350&amp;listType=playlist&amp;list=PLDiFL6cM9EmljWXCF15_AhnSo_YlCCAbV&amp;plindex=0&amp;layout=gallery[\/embedyt]<\/p>\n<p>&nbsp;<\/p>\n<h2><b>South Africa<\/b><\/h2>\n<p>In South Africa we drove from the Winelands via De Kelders along the Garden Route. We stayed in amazing hotels like the\u00a0<a href=\"http:\/\/beautiful-places.de\/en\/sea-five-boutique-hotel-cape-town-a-luxurious-beach-house-in-camps-bay\/\">Sea Five<\/a>, the<a href=\"http:\/\/beautiful-places.de\/en\/sea-star-rocks-camps-bay-cape-town-light-flooded-design-and-magnificent-ocean-views\/\">Sea Star Rocks<\/a>and the\u00a0<a href=\"http:\/\/beautiful-places.de\/en\/sea-star-lodge-sea-star-cliff-de-kelders-south-africa-magical-ocean-views-on-the-rugged-whale-coast\/\">Sea Star Lodge<\/a>. We went on great safaris at the\u00a0<a href=\"http:\/\/beautiful-places.de\/en\/hillsnek-safari-camp-south-africa-luxury-romance-conservation-in-the-amakhala-game-reserve\/\">Hillsnek Safari Camp<\/a> outside Port Elizabeth and the\u00a0<a href=\"http:\/\/beautiful-places.de\/en\/makumu-private-game-lodge-kruger-park-south-africa-luxury-and-spectacular-safaris\/\">Makumu Private Game Lodge<\/a> at the Kruger Park was really spectacular!<\/p>\n<p>[embedyt] http:\/\/www.youtube.com\/watch?v=RW9j8V8yDQA&amp;width=620&amp;height=350&amp;listType=playlist&amp;list=PLDiFL6cM9Emnv-BDQf7o2Bawq9oPczl6E&amp;plindex=0&amp;layout=gallery[\/embedyt]<\/p>\n<h2><b>Namibia<\/b><\/h2>\n<p>Namibia is the perfect country for a round trip and to observe loads of animals on safari! Our highlights were the\u00a0<a href=\"http:\/\/beautiful-places.de\/en\/okonjima-lodge-romantische-luxuslodge-gelebter-tierschutz-im-naturreservat-fuer-raubkatzen-in-namibia\/\">Okonjima<\/a>,\u00a0<a href=\"http:\/\/beautiful-places.de\/en\/gocheganas-nature-reserve-wellness-village-namibia-unglaubliche-weite-pure-entspannung-in-der-wildnis\/\">GocheGanas <\/a>near Windhoek, the\u00a0<a href=\"http:\/\/beautiful-places.de\/en\/nkwazi-lodge-namibia-a-natural-paradise-on-the-okavango-responsible-travelling-and-social-commitment\/\">n&#8217;Kwazi Lodge<\/a>and the\u00a0<a href=\"http:\/\/beautiful-places.de\/en\/nkasa-lupala-tented-lodge-oekotourismus-wilde-romantik-wildnis-pur-in-zambezi-namibia\/\">Nkasa Lupala Lodge<\/a> in the Zambezi region in the north.<\/p>\n<p>[embedyt] http:\/\/www.youtube.com\/watch?v=DNCzsjqpAQU&amp;width=620&amp;height=350&amp;listType=playlist&amp;list=PLDiFL6cM9EmlfssMA2LjeamWWzqXLgQWn&amp;plindex=0&amp;layout=gallery[\/embedyt]<\/p>\n<h2>Destination Weddings in the Seychelles<\/h2>\n<p>In 2012 we got married on the beautiful Anse Source d&#8217;Argent beach on La Digue! An unforgettable experience and a perfect day! The dream of a beautiful\u00a0<a href=\"http:\/\/beautiful-places.de\/en\/wedding-on-the-seychelles-impressions-tips-for-the-most-beautiful-day-of-your-life-on-the-dream-beach-of-la-digue\/\">beach wedding<\/a> also came true for other couples that we accompanied to the Seychelles where we captured their wonderful memories in\u00a0<a href=\"http:\/\/wedding.moniquedecaro.de\/heiraten-auf-den-seychellen\/\">photos<\/a> and on video for eternity.<\/p>\n<p>[embedyt] http:\/\/www.youtube.com\/watch?v=FuCUe-AaSrM&amp;width=620&amp;height=350&amp;listType=playlist&amp;list=PLDiFL6cM9EmnYSFK4JA2XOw-cpA_TZZdF&amp;plindex=0&amp;layout=gallery[\/embedyt]<\/p>\n","protected":false},"excerpt":{"rendered":"<p>During the last few years we had such wonderful experiences! We traveled to Zanzibar, Dubai, Bali, Sumba Island, Bintan, Thailand, Namibia, South Africa, Kenya, Sri Lanka, the Maldives, Fiji and also visited the Seychelles for the fourth time. Among other things, we were chased by elephants, we saw five leopards[&#8230;]<\/p>\n","protected":false},"author":1,"featured_media":0,"parent":0,"menu_order":0,"comment_status":"closed","ping_status":"closed","template":"template-fullwidth.php","meta":{"footnotes":""},"class_list":["post-21259","page","type-page","status-publish","hentry"],"jetpack-related-posts":[{"id":21257,"url":"http:\/\/beautiful-places.de\/travel-videos\/","url_meta":{"origin":21259,"position":0},"title":"Videos","author":"Monique De Caro","date":"13. March 2019","format":false,"excerpt":"Fidschi | S\u00fcdsee [embedyt] https:\/\/www.youtube.com\/watch?&width=620&height=349&iv_load_policy=3&listType=playlist&list=PLDiFL6cM9EmkFtDFOw5-nnVQMTCBPUN32&plindex=0&layout=gallery&gallery_showtitle=0[\/embedyt] Jamaika Die Couples Resort Swept Away und Tower Isle sind zwei der vier Couples Resorts auf Jamaika. Sie bieten Premium All Inclusive nur f\u00fcr Erwachsene. Die perfekt Oase f\u00fcr Paare, die Flitterwochen oder die Hochzeit am Strand. [embedyt] https:\/\/www.youtube.com\/watch?v=Cc068XSJHtY&width=620&height=349&iv_load_policy=3&listType=playlist&list=PLDiFL6cM9EmmxdVVVc8EZkilSKU3ZU4EF&plindex=0&layout=gallery[\/embedyt] Sansibar [embedyt] https:\/\/www.youtube.com\/watch?v=QmFG4zYFX8c&width=620&height=349&listType=playlist&list=PLDiFL6cM9Eml_JImyC6O1zo6q_PoiN2e4&plindex=0&layout=gallery[\/embedyt] \u00a0 S\u00fcdafrika 2019\u2026","rel":"","context":"Similar post","block_context":{"text":"Similar post","link":""},"img":{"alt_text":"","src":"","width":0,"height":0},"classes":[]},{"id":1976,"url":"http:\/\/beautiful-places.de\/en\/about-us\/","url_meta":{"origin":21259,"position":1},"title":"About us","author":"Monique De Caro","date":"20. March 2013","format":false,"excerpt":"Hello! We are Monique and Marcus, fun-loving globetrotters and connoisseurs. We write on our blog, Beautiful Places for Lovers. It is not only for lovers, but also for those romantic souls, who simply love travelling, nature, (wild) animals, wide, open spaces, tranquility, good food, other cultures, countries, fabulous beaches and\u2026","rel":"","context":"Similar post","block_context":{"text":"Similar post","link":""},"img":{"alt_text":"","src":"https:\/\/i0.wp.com\/beautiful-places.de\/wp-content\/uploads\/2013\/03\/moniquedecaro-305x305.jpg?resize=350%2C200","width":350,"height":200,"srcset":"https:\/\/i0.wp.com\/beautiful-places.de\/wp-content\/uploads\/2013\/03\/moniquedecaro-305x305.jpg?resize=350%2C200 1x, https:\/\/i0.wp.com\/beautiful-places.de\/wp-content\/uploads\/2013\/03\/moniquedecaro-305x305.jpg?resize=525%2C300 1.5x"},"classes":[]},{"id":7558,"url":"http:\/\/beautiful-places.de\/en\/collaboration\/","url_meta":{"origin":21259,"position":2},"title":"Collaboration","author":"Monique De Caro","date":"9. March 2015","format":false,"excerpt":"Beautiful Places for Lovers! Welcome to Beautiful Places, the travel blog for lovers.\u00a0 We are always open to and available for partnerships, collaborations and sponsorships. Key features of the Blog In our travel blog for newly in love couples, those still very much in love or the forever in love\u2026","rel":"","context":"Similar post","block_context":{"text":"Similar post","link":""},"img":{"alt_text":"","src":"https:\/\/i0.wp.com\/beautiful-places.de\/wp-content\/uploads\/2015\/03\/moniquedecaro.jpg?resize=350%2C200","width":350,"height":200,"srcset":"https:\/\/i0.wp.com\/beautiful-places.de\/wp-content\/uploads\/2015\/03\/moniquedecaro.jpg?resize=350%2C200 1x, https:\/\/i0.wp.com\/beautiful-places.de\/wp-content\/uploads\/2015\/03\/moniquedecaro.jpg?resize=525%2C300 1.5x"},"classes":[]},{"id":4944,"url":"http:\/\/beautiful-places.de\/kooperation\/","url_meta":{"origin":21259,"position":3},"title":"Kooperation","author":"Monique De Caro","date":"9. March 2015","format":false,"excerpt":"Beautiful Places for Lovers! Herzlich willkommen bei Beautiful Places for Lovers,\u00a0dem Reiseblog f\u00fcr Verliebte, Romantiker & Abenteurer!\u00a0Wir stehen jederzeit f\u00fcr Partnerschaften, Kooperationen & Sponsoring zur Verf\u00fcgung! Schwerpunkte des Blogs Auf\u00a0unserem\u00a0Reiseblog f\u00fcr\u00a0frisch Verliebte, immer noch Verliebte oder ewig Liebende stehen\u00a0Hotels &\u00a0Reiseziele, die magisch und au\u00dfergew\u00f6hnlich romantisch sind, im Vordergrund.\u00a0Wir geben\u00a0Inspirationen &\u2026","rel":"","context":"Similar post","block_context":{"text":"Similar post","link":""},"img":{"alt_text":"","src":"https:\/\/i0.wp.com\/beautiful-places.de\/wp-content\/uploads\/2015\/03\/moniquedecaro.jpg?resize=350%2C200","width":350,"height":200,"srcset":"https:\/\/i0.wp.com\/beautiful-places.de\/wp-content\/uploads\/2015\/03\/moniquedecaro.jpg?resize=350%2C200 1x, https:\/\/i0.wp.com\/beautiful-places.de\/wp-content\/uploads\/2015\/03\/moniquedecaro.jpg?resize=525%2C300 1.5x"},"classes":[]},{"id":4,"url":"http:\/\/beautiful-places.de\/about-us\/","url_meta":{"origin":21259,"position":4},"title":"About","author":"Monique De Caro","date":"20. March 2013","format":false,"excerpt":"Hallo, wir sind\u00a0Monique\u00a0& Marcus\u00a0De Caro\u00a0\u2013 lebensfrohe Weltenbummler und Genie\u00dfer! Wir schreiben auf unserem Blog ... for Lovers! Aber nicht nur f\u00fcr Verliebte, sondern auch f\u00fcr alle, die das Reisen, die\u00a0Natur, (wilde) Tiere, traumhafte Str\u00e4nde, die Weite, die Ruhe, gutes Essen, andere Kulturen und andere L\u00e4nder .... \u00a0lieben! Sobald es unsere\u2026","rel":"","context":"With 9 comments","block_context":{"text":"With 9 comments","link":"http:\/\/beautiful-places.de\/about-us\/#comments"},"img":{"alt_text":"","src":"https:\/\/i0.wp.com\/beautiful-places.de\/wp-content\/uploads\/2013\/03\/moniquedecaro-305x305.jpg?resize=350%2C200","width":350,"height":200,"srcset":"https:\/\/i0.wp.com\/beautiful-places.de\/wp-content\/uploads\/2013\/03\/moniquedecaro-305x305.jpg?resize=350%2C200 1x, https:\/\/i0.wp.com\/beautiful-places.de\/wp-content\/uploads\/2013\/03\/moniquedecaro-305x305.jpg?resize=525%2C300 1.5x"},"classes":[]},{"id":14432,"url":"http:\/\/beautiful-places.de\/unser-honeymoon-wedding-guide-mit-weltweiten-honeymoon-specials-wedding-packages\/","url_meta":{"origin":21259,"position":5},"title":"Unser &#8220;Honeymoon &#038; Wedding Guide&#8221; mit weltweiten Honeymoon-Specials &#038; Wedding-Packages (+ eMag)","author":"Monique De Caro","date":"6. June 2017","format":false,"excerpt":"Honeymoon-Specials, Wedding Packages & Infos zu Dokumenten Da wir selbst 2012 auf den Seychellen geheiratet haben und unsere Traumhochzeit am Strand von La Digue\u00a0einfach unvergesslich\u00a0sch\u00f6n war, m\u00f6chten wir euch mit diesem Guide Tipps f\u00fcr die Flitterwochen, die Trauung im Ausland, die sch\u00f6nsten Hotels,\u00a0Honeymoon-Rabatte\u00a0und die traumhaftesten Reiseziele\u00a0geben! Jetzt ansehen! Denn\u00a0was viele\u2026","rel":"","context":"Similar post","block_context":{"text":"Similar post","link":""},"img":{"alt_text":"booklet_aussen_2","src":"https:\/\/i0.wp.com\/beautiful-places.de\/wp-content\/uploads\/2015\/04\/booklet_aussen_2-620x389.jpg?resize=350%2C200","width":350,"height":200,"srcset":"https:\/\/i0.wp.com\/beautiful-places.de\/wp-content\/uploads\/2015\/04\/booklet_aussen_2-620x389.jpg?resize=350%2C200 1x, https:\/\/i0.wp.com\/beautiful-places.de\/wp-content\/uploads\/2015\/04\/booklet_aussen_2-620x389.jpg?resize=525%2C300 1.5x"},"classes":[]}],"jetpack_shortlink":"https:\/\/wp.me\/P3oJj6-5wT","jetpack_sharing_enabled":true,"_links":{"self":[{"href":"http:\/\/beautiful-places.de\/en\/wp-json\/wp\/v2\/pages\/21259","targetHints":{"allow":["GET"]}}],"collection":[{"href":"http:\/\/beautiful-places.de\/en\/wp-json\/wp\/v2\/pages"}],"about":[{"href":"http:\/\/beautiful-places.de\/en\/wp-json\/wp\/v2\/types\/page"}],"author":[{"embeddable":true,"href":"http:\/\/beautiful-places.de\/en\/wp-json\/wp\/v2\/users\/1"}],"replies":[{"embeddable":true,"href":"http:\/\/beautiful-places.de\/en\/wp-json\/wp\/v2\/comments?post=21259"}],"version-history":[{"count":6,"href":"http:\/\/beautiful-places.de\/en\/wp-json\/wp\/v2\/pages\/21259\/revisions"}],"predecessor-version":[{"id":25271,"href":"http:\/\/beautiful-places.de\/en\/wp-json\/wp\/v2\/pages\/21259\/revisions\/25271"}],"wp:attachment":[{"href":"http:\/\/beautiful-places.de\/en\/wp-json\/wp\/v2\/media?parent=21259"}],"curies":[{"name":"wp","href":"https:\/\/api.w.org\/{rel}","templated":true}]}}